{"id":3537,"date":"2019-09-23T20:39:41","date_gmt":"2019-09-24T01:39:41","guid":{"rendered":"https:\/\/sentimientolatino.com\/?page_id=3537"},"modified":"2025-03-03T12:59:54","modified_gmt":"2025-03-03T17:59:54","slug":"servicios","status":"publish","type":"page","link":"https:\/\/sentimientolatino.com\/","title":{"rendered":"Radio Digital"},"content":{"rendered":"<p>[et_pb_section fb_built=\u00bb1&#8243; fullwidth=\u00bbon\u00bb _builder_version=\u00bb4.16&#8243; global_colors_info=\u00bb{}\u00bb][et_pb_fullwidth_code _builder_version=\u00bb4.21.0&#8243; background_enable_color=\u00bboff\u00bb background_video_mp4=\u00bbhttps:\/\/sentimientolatino.com\/wp-content\/uploads\/2021\/06\/mixkit-teenager-listening-to-music-6009-medium.mp4&#8243; custom_css_main_element=\u00bbmin-height: 100vh;||display: flex;||flex-direction: column;\u00bb global_colors_info=\u00bb{}\u00bb]\r\n\t<div class='wp-lunaradio' id='lunaradio1051792247' style='width:100%; height:100vh; \r\n  -webkit-border-top-left-radius: 0px;\r\n  -webkit-border-top-right-radius: 0px;\r\n  -webkit-border-bottom-right-radius: 0px;\r\n  -webkit-border-bottom-left-radius: 0px;\r\n  -moz-border-radius-topleft: 0px;\r\n  -moz-border-radius-topright: 0px;\r\n  -moz-border-radius-bottomright: 0px;\r\n  -moz-border-radius-bottomleft: 0px;\r\n  border-top-left-radius: 0px;\r\n  border-top-right-radius: 0px;\r\n  border-bottom-right-radius: 0px;\r\n  border-bottom-left-radius: 0px;\r\n  border: none;'>\r\n  <div style='height: 0px; width:0px; overflow: hidden;'>  \r\n  <a href='https:\/\/www.sodah-webdesign-agentur.de\/tools\/radio-player-plugin\/' title='WordPress Radio Player Plugin'>WordPress Radio Player Plugin<\/a> powered by <a href='https:\/\/www.sodah-webdesign-agentur.de\/' title='WordPress Webdesign Agentur Mainz'>WordPress Webdesign Agentur Mainz<\/a>\r\n  <a href='https:\/\/radioplayer.luna-universe.com' title='html Javascript Radio Player'>JAVASCRIPT HTML RADIO PLAYER<\/a> marketing by <a href='https:\/\/www.die-leadagenten.de\/' title='Online Marketing Agentur Mainz'>Online Marketing Agentur Mainz<\/a>\r\n  <\/div>\r\n  <\/div>\r\n\r\n<script>\r\nwindow.addEventListener('load', function () {\r\n    lunaRadio('lunaradio1051792247', {\r\n\t\ttoken: 'ZVdgZltfW1dgZmFeU2ZbYGEgVWFf',\r\n\t\tuserinterface: 'big',\r\n\t\tbackgroundcolor: 'rgba(14,16,21,0.5)',\r\n\t\tfontcolor: '#ffffff',\r\n\t\thightlightcolor: '#2239fa',\r\n\t\tfontname: '',\r\n\t\tgooglefont: '',\r\n\t\tfontratio: '0.4',\r\n\t\tradioname: 'Radio Sentimiento Latino',\r\n\t\tscroll: 'true',\r\n\t\tscrollradioname: 'true',\r\n\t\tscrolltitle: 'true',\r\n\t\tcoverimage: 'https:\/\/machala.online\/logo-radio-sentimiento-latino.png',\r\n\t\tonlycoverimage: 'false',\r\n\t\tcoverstyle: 'circle',\r\n\t\tusevisualizer: 'real',\r\n\t\tvisualizertype: '10',\r\n\t\tmulticolorvisualizer: 'true',\r\n\t\tcolor1: '#e66c35',\r\n\t\tcolor2: '#d04345',\r\n\t\tcolor3: '#85a752',\r\n\t\tcolor4: '#067dcc',\r\n\t\tvisualizeropacity: '0.9',\r\n\t\tvisualizerghost: '0.0',\r\n\t\titunestoken: '1000lIPN',\r\n\t\tmetadatatechnic: 'fallback',\r\n\t\townmetadataurl: '',\r\n\t\tstreamurl: 'https:\/\/eu4.fastcast4u.com\/proxy\/sentimie?mp=',\r\n\t\tstreamtype: 'shoutcast2',\r\n\t\ticecastmountpoint: '\/live',\r\n\t\tradionomyid: '',\r\n\t\tradionomyapikey: '',\r\n\t\tradiojarid: '',\r\n\t\tradiocoid: '',\r\n\t\tshoutcastpath: '\/stream',\r\n\t\tshoutcastid: '1',\r\n\t\tstreamsuffix: '',\r\n\t\tmetadatainterval: '20000',\r\n\t\tvolume: '100',\r\n\t\tdebug: 'false',\r\n\t\tautoplay: 'false',\r\n\t\tdisplayliveicon: 'true',\r\n\t\tdisplayvisualizericon: 'true',\r\n\t    usestreamcorsproxy: 'false', \r\n\t\tuselocalstorage: 'false', \r\n\t    corsproxy: '',\r\n\t});   \r\n})\r\n<\/script>\r\n\t\t\t\t\t\t<!-- [et_pb_line_break_holder] -->[\/et_pb_fullwidth_code][\/et_pb_section][et_pb_section fb_built=\u00bb1&#8243; _builder_version=\u00bb4.27.2&#8243; background_color=\u00bb#0C71C3&#8243; use_background_color_gradient=\u00bbon\u00bb background_color_gradient_stops=\u00bbrgba(255,255,255,0) 0%|#000000 100%\u00bb background_color_gradient_overlays_image=\u00bbon\u00bb background_color_gradient_start=\u00bbrgba(255,255,255,0)\u00bb background_color_gradient_end=\u00bb#000000&#8243; background_enable_image=\u00bboff\u00bb custom_padding=\u00bb0px||0px|||\u00bb global_colors_info=\u00bb{}\u00bb][et_pb_row _builder_version=\u00bb4.16&#8243; global_colors_info=\u00bb{}\u00bb][et_pb_column type=\u00bb4_4&#8243; _builder_version=\u00bb4.16&#8243; global_colors_info=\u00bb{}\u00bb][et_pb_cta title=\u00bbNUEVO PROGRAMADOR DE TEMAS\u00bb button_text=\u00bbClics\u00bb _builder_version=\u00bb4.27.2&#8243; _module_preset=\u00bbdefault\u00bb custom_margin=\u00bb-16px|||||\u00bb global_colors_info=\u00bb{}\u00bb]<\/p>\n<p>Evolucionamos por ti en estos 14 a\u00f1os online, te ponemos a dispoci\u00f3n el programador de temas inteligente al estilo \u00abbuscador\u00bb, solo debes buscar el nombre del tema o artista en el cuadro de di\u00e1logo \u00absearch\u00bb, luego eliges el tema en \u00abRequest\u00bb y luego en \u00abSubmit\u00bb y podr\u00e1s escuchar tu tema en breves minutos..<\/p>\n<p>[\/et_pb_cta][\/et_pb_column][\/et_pb_row][et_pb_row _builder_version=\u00bb4.27.2&#8243; _module_preset=\u00bbdefault\u00bb custom_margin=\u00bb-20px|auto||auto||\u00bb custom_padding=\u00bb8px|||||\u00bb global_colors_info=\u00bb{}\u00bb][et_pb_column type=\u00bb4_4&#8243; _builder_version=\u00bb4.27.2&#8243; _module_preset=\u00bbdefault\u00bb global_colors_info=\u00bb{}\u00bb][et_pb_code _builder_version=\u00bb4.27.2&#8243; _module_preset=\u00bbdefault\u00bb animation_style=\u00bbfade\u00bb global_colors_info=\u00bb{}\u00bb]<\/p>\n<div><!-- [et_pb_line_break_holder] --><\/p>\n<div class=\"sc-track-request-widget\"><!-- [et_pb_line_break_holder] --><\/p>\n<div is=\"track-request-widget\" <!-- [et_pb_line_break_holder] -->lang=\u00bben\u00bb <!-- [et_pb_line_break_holder] -->api-base=\u00bbhttps:\/\/eu10.fastcast4u.com:16380\/api\/v2&#8243; <!-- [et_pb_line_break_holder] -->server-id=\u00bb1&#8243; <!-- [et_pb_line_break_holder] -->ip-timeout=\u00bb0&#8243;<!-- [et_pb_line_break_holder] -->track-timeout=\u00bb3600000&#8243;<!-- [et_pb_line_break_holder] -->bgcolor=\u00bb#686df8&#8243;<!-- [et_pb_line_break_holder] -->bgopacity=\u00bb1&#8243;<!-- [et_pb_line_break_holder] -->tracks_num=\u00bb12&#8243;<!-- [et_pb_line_break_holder] -->track_width=\u00bb120&#8243;<!-- [et_pb_line_break_holder] -->track_image_default=\u00bbhttps:\/\/eu10.fastcast4u.com:16380https:\/\/eu10.fastcast4u.com:16380\/media\/widgets\/radio-sentimiento-latino.png\u00bb<!-- [et_pb_line_break_holder] -->meta_font_size=\u00bb14&#8243;<!-- [et_pb_line_break_holder] -->meta_font_style=\u00bbnormal\u00bb<!-- [et_pb_line_break_holder] -->meta_font_color=\u00bb#000000&#8243;<!-- [et_pb_line_break_holder] -->meta_opacity=\u00bb1&#8243;<!-- [et_pb_line_break_holder] -->button_color=\u00bb#8a8a8a\u00bb<!-- [et_pb_line_break_holder] -->button_color_active=\u00bb#e8e8e8&#8243;<!-- [et_pb_line_break_holder] -->button_font_color=\u00bb#ffffff\u00bb<!-- [et_pb_line_break_holder] -->button_font_size=\u00bb10&#8243;<!-- [et_pb_line_break_holder] -->ordering=\u00bb3&#8243;<!-- [et_pb_line_break_holder] -->allow_person_and_message=\u00bbtrue\u00bb<!-- [et_pb_line_break_holder] -->modal_background_color=\u00bb#777cfd\u00bb<!-- [et_pb_line_break_holder] -->modal_font_color=\u00bb#000000&#8243;<!-- [et_pb_line_break_holder] -->modal_background_opacity=\u00bb1&#8243;<!-- [et_pb_line_break_holder] -->><!-- [et_pb_line_break_holder] --><\/div>\n<p><!-- [et_pb_line_break_holder] --><\/div>\n<p><!-- [et_pb_line_break_holder] --><\/div>\n<p><!-- [et_pb_line_break_holder] --><link rel=\"stylesheet\" type=\"text\/css\" href=\"https:\/\/eu10.fastcast4u.com:16380\/media\/static\/css\/request_track_widget\/request_widget.css\" \/><!-- [et_pb_line_break_holder] --><script type=\"text\/javascript\" src=\"https:\/\/eu10.fastcast4u.com:16380\/media\/static\/js\/request_track_widget\/request_widget.js\"><\/script>[\/et_pb_code][\/et_pb_column][\/et_pb_row][\/et_pb_section][et_pb_section fb_built=\u00bb1&#8243; fullwidth=\u00bbon\u00bb admin_label=\u00bbSecci\u00f3n\u00bb _builder_version=\u00bb4.16&#8243; global_colors_info=\u00bb{}\u00bb][et_pb_fullwidth_image src=\u00bbhttps:\/\/sentimientolatino.com\/wp-content\/uploads\/2020\/09\/Alexa-abre-Radio-Sentimiento-Latino-1.jpg\u00bb admin_label=\u00bbImagen de anchura completa\u00bb _builder_version=\u00bb4.16&#8243; custom_padding=\u00bb||0px|||\u00bb animation_style=\u00bbfade\u00bb global_colors_info=\u00bb{}\u00bb][\/et_pb_fullwidth_image][et_pb_fullwidth_code _builder_version=\u00bb4.21.0&#8243; _module_preset=\u00bbdefault\u00bb custom_margin=\u00bb-258px||||false|false\u00bb custom_margin_tablet=\u00bb-258px||||false|false\u00bb custom_margin_phone=\u00bb0px||||false|false\u00bb custom_margin_last_edited=\u00bbon|phone\u00bb custom_padding=\u00bb||||false|false\u00bb text_orientation_tablet=\u00bb\u00bb text_orientation_phone=\u00bbcenter\u00bb text_orientation_last_edited=\u00bbon|phone\u00bb global_colors_info=\u00bb{}\u00bb]<a href=\"https:\/\/radios.com.ec\/\" target=\"_blank\" rel=\"noopener\"><img loading=\"lazy\" decoding=\"async\" src=\"https:\/\/cdn.webrad.io\/images\/banners\/radios-online-big.png\"alt=\"radios.com.ec\/\" width=\"250\" height=\"250\"><\/a>[\/et_pb_fullwidth_code][et_pb_fullwidth_code _builder_version=\u00bb4.21.0&#8243; _module_preset=\u00bbdefault\u00bb global_colors_info=\u00bb{}\u00bb]<a href=\"https:\/\/emisoras.ec\/\" target=\"_blank\" title=\"emisoras.ec\" rel=\"noopener\"><img decoding=\"async\" src=\"https:\/\/emisoras.ec\/uploads\/img\/buttons\/768x90-1.png\" alt=\"emisoras.ec\" \/><\/a>[\/et_pb_fullwidth_code][\/et_pb_section]<\/p>\n<span class=\"et_bloom_bottom_trigger\"><\/span>","protected":false},"excerpt":{"rendered":"<p>Radio Online 24 horas de m\u00fasica y mejor programaci\u00f3, alta calidad de sonido, a dem\u00e1s de que puedes programar t\u00fa el tema que deseas escuchar.<\/p>\n","protected":false},"author":1,"featured_media":4844,"parent":0,"menu_order":0,"comment_status":"closed","ping_status":"closed","template":"page-template-fullwidth.php","meta":{"_et_pb_use_builder":"on","_et_pb_old_content":"","_et_gb_content_width":"","_joinchat":[],"footnotes":""},"class_list":["post-3537","page","type-page","status-publish","has-post-thumbnail","hentry"],"yoast_head":"<!-- This site is optimized with the Yoast SEO plugin v25.1 - https:\/\/yoast.com\/wordpress\/plugins\/seo\/ -->\n<title>Radio Digital - Radio Sentimiento Latino<\/title>\n<meta name=\"description\" content=\"Radio Online 24 horas de m\u00fasica y mejor programaci\u00f3n, alta calidad de sonido, a dem\u00e1s de que puedes programar t\u00fa el tema que deseas escuchar.\" \/>\n<meta name=\"robots\" content=\"index, follow, max-snippet:-1, max-image-preview:large, max-video-preview:-1\" \/>\n<link rel=\"canonical\" href=\"https:\/\/sentimientolatino.com\/\" \/>\n<meta property=\"og:locale\" content=\"es_ES\" \/>\n<meta property=\"og:type\" content=\"article\" \/>\n<meta property=\"og:title\" content=\"Radio Digital - Radio Sentimiento Latino\" \/>\n<meta property=\"og:description\" content=\"Radio Online 24 horas de m\u00fasica y mejor programaci\u00f3n, alta calidad de sonido, a dem\u00e1s de que puedes programar t\u00fa el tema que deseas escuchar.\" \/>\n<meta property=\"og:url\" content=\"https:\/\/sentimientolatino.com\/\" \/>\n<meta property=\"og:site_name\" content=\"Radio Sentimiento Latino\" \/>\n<meta property=\"article:publisher\" content=\"https:\/\/www.facebook.com\/SentimientoLatino01\/\" \/>\n<meta property=\"article:modified_time\" content=\"2025-03-03T17:59:54+00:00\" \/>\n<meta property=\"og:image\" content=\"https:\/\/sentimientolatino.com\/wp-content\/uploads\/2020\/04\/logo-radio-sl.png\" \/>\n\t<meta property=\"og:image:width\" content=\"800\" \/>\n\t<meta property=\"og:image:height\" content=\"840\" \/>\n\t<meta property=\"og:image:type\" content=\"image\/png\" \/>\n<meta name=\"twitter:card\" content=\"summary_large_image\" \/>\n<meta name=\"twitter:site\" content=\"@sentimientofmec\" \/>\n<meta name=\"twitter:label1\" content=\"Tiempo de lectura\" \/>\n\t<meta name=\"twitter:data1\" content=\"1 minuto\" \/>\n<script type=\"application\/ld+json\" class=\"yoast-schema-graph\">{\"@context\":\"https:\/\/schema.org\",\"@graph\":[{\"@type\":\"WebPage\",\"@id\":\"https:\/\/sentimientolatino.com\/\",\"url\":\"https:\/\/sentimientolatino.com\/\",\"name\":\"Radio Digital - Radio Sentimiento Latino\",\"isPartOf\":{\"@id\":\"https:\/\/sentimientolatino.com\/#website\"},\"primaryImageOfPage\":{\"@id\":\"https:\/\/sentimientolatino.com\/#primaryimage\"},\"image\":{\"@id\":\"https:\/\/sentimientolatino.com\/#primaryimage\"},\"thumbnailUrl\":\"https:\/\/sentimientolatino.com\/wp-content\/uploads\/2020\/04\/logo-radio-sl.png\",\"datePublished\":\"2019-09-24T01:39:41+00:00\",\"dateModified\":\"2025-03-03T17:59:54+00:00\",\"description\":\"Radio Online 24 horas de m\u00fasica y mejor programaci\u00f3n, alta calidad de sonido, a dem\u00e1s de que puedes programar t\u00fa el tema que deseas escuchar.\",\"breadcrumb\":{\"@id\":\"https:\/\/sentimientolatino.com\/#breadcrumb\"},\"inLanguage\":\"es\",\"potentialAction\":[{\"@type\":\"ReadAction\",\"target\":[\"https:\/\/sentimientolatino.com\/\"]}]},{\"@type\":\"ImageObject\",\"inLanguage\":\"es\",\"@id\":\"https:\/\/sentimientolatino.com\/#primaryimage\",\"url\":\"https:\/\/sentimientolatino.com\/wp-content\/uploads\/2020\/04\/logo-radio-sl.png\",\"contentUrl\":\"https:\/\/sentimientolatino.com\/wp-content\/uploads\/2020\/04\/logo-radio-sl.png\",\"width\":800,\"height\":840},{\"@type\":\"BreadcrumbList\",\"@id\":\"https:\/\/sentimientolatino.com\/#breadcrumb\",\"itemListElement\":[{\"@type\":\"ListItem\",\"position\":1,\"name\":\"Portada\",\"item\":\"https:\/\/sentimientolatino.com\/\"},{\"@type\":\"ListItem\",\"position\":2,\"name\":\"Radio Digital\"}]},{\"@type\":\"WebSite\",\"@id\":\"https:\/\/sentimientolatino.com\/#website\",\"url\":\"https:\/\/sentimientolatino.com\/\",\"name\":\"Radio Sentimiento Latino\",\"description\":\"M\u00fasica latina en tu coraz\u00f3n\",\"potentialAction\":[{\"@type\":\"SearchAction\",\"target\":{\"@type\":\"EntryPoint\",\"urlTemplate\":\"https:\/\/sentimientolatino.com\/?s={search_term_string}\"},\"query-input\":{\"@type\":\"PropertyValueSpecification\",\"valueRequired\":true,\"valueName\":\"search_term_string\"}}],\"inLanguage\":\"es\"}]}<\/script>\n<!-- \/ Yoast SEO plugin. -->","yoast_head_json":{"title":"Radio Digital - Radio Sentimiento Latino","description":"Radio Online 24 horas de m\u00fasica y mejor programaci\u00f3n, alta calidad de sonido, a dem\u00e1s de que puedes programar t\u00fa el tema que deseas escuchar.","robots":{"index":"index","follow":"follow","max-snippet":"max-snippet:-1","max-image-preview":"max-image-preview:large","max-video-preview":"max-video-preview:-1"},"canonical":"https:\/\/sentimientolatino.com\/","og_locale":"es_ES","og_type":"article","og_title":"Radio Digital - Radio Sentimiento Latino","og_description":"Radio Online 24 horas de m\u00fasica y mejor programaci\u00f3n, alta calidad de sonido, a dem\u00e1s de que puedes programar t\u00fa el tema que deseas escuchar.","og_url":"https:\/\/sentimientolatino.com\/","og_site_name":"Radio Sentimiento Latino","article_publisher":"https:\/\/www.facebook.com\/SentimientoLatino01\/","article_modified_time":"2025-03-03T17:59:54+00:00","og_image":[{"width":800,"height":840,"url":"https:\/\/sentimientolatino.com\/wp-content\/uploads\/2020\/04\/logo-radio-sl.png","type":"image\/png"}],"twitter_card":"summary_large_image","twitter_site":"@sentimientofmec","twitter_misc":{"Tiempo de lectura":"1 minuto"},"schema":{"@context":"https:\/\/schema.org","@graph":[{"@type":"WebPage","@id":"https:\/\/sentimientolatino.com\/","url":"https:\/\/sentimientolatino.com\/","name":"Radio Digital - Radio Sentimiento Latino","isPartOf":{"@id":"https:\/\/sentimientolatino.com\/#website"},"primaryImageOfPage":{"@id":"https:\/\/sentimientolatino.com\/#primaryimage"},"image":{"@id":"https:\/\/sentimientolatino.com\/#primaryimage"},"thumbnailUrl":"https:\/\/sentimientolatino.com\/wp-content\/uploads\/2020\/04\/logo-radio-sl.png","datePublished":"2019-09-24T01:39:41+00:00","dateModified":"2025-03-03T17:59:54+00:00","description":"Radio Online 24 horas de m\u00fasica y mejor programaci\u00f3n, alta calidad de sonido, a dem\u00e1s de que puedes programar t\u00fa el tema que deseas escuchar.","breadcrumb":{"@id":"https:\/\/sentimientolatino.com\/#breadcrumb"},"inLanguage":"es","potentialAction":[{"@type":"ReadAction","target":["https:\/\/sentimientolatino.com\/"]}]},{"@type":"ImageObject","inLanguage":"es","@id":"https:\/\/sentimientolatino.com\/#primaryimage","url":"https:\/\/sentimientolatino.com\/wp-content\/uploads\/2020\/04\/logo-radio-sl.png","contentUrl":"https:\/\/sentimientolatino.com\/wp-content\/uploads\/2020\/04\/logo-radio-sl.png","width":800,"height":840},{"@type":"BreadcrumbList","@id":"https:\/\/sentimientolatino.com\/#breadcrumb","itemListElement":[{"@type":"ListItem","position":1,"name":"Portada","item":"https:\/\/sentimientolatino.com\/"},{"@type":"ListItem","position":2,"name":"Radio Digital"}]},{"@type":"WebSite","@id":"https:\/\/sentimientolatino.com\/#website","url":"https:\/\/sentimientolatino.com\/","name":"Radio Sentimiento Latino","description":"M\u00fasica latina en tu coraz\u00f3n","potentialAction":[{"@type":"SearchAction","target":{"@type":"EntryPoint","urlTemplate":"https:\/\/sentimientolatino.com\/?s={search_term_string}"},"query-input":{"@type":"PropertyValueSpecification","valueRequired":true,"valueName":"search_term_string"}}],"inLanguage":"es"}]}},"_links":{"self":[{"href":"https:\/\/sentimientolatino.com\/index.php\/wp-json\/wp\/v2\/pages\/3537"}],"collection":[{"href":"https:\/\/sentimientolatino.com\/index.php\/wp-json\/wp\/v2\/pages"}],"about":[{"href":"https:\/\/sentimientolatino.com\/index.php\/wp-json\/wp\/v2\/types\/page"}],"author":[{"embeddable":true,"href":"https:\/\/sentimientolatino.com\/index.php\/wp-json\/wp\/v2\/users\/1"}],"replies":[{"embeddable":true,"href":"https:\/\/sentimientolatino.com\/index.php\/wp-json\/wp\/v2\/comments?post=3537"}],"version-history":[{"count":354,"href":"https:\/\/sentimientolatino.com\/index.php\/wp-json\/wp\/v2\/pages\/3537\/revisions"}],"predecessor-version":[{"id":5876,"href":"https:\/\/sentimientolatino.com\/index.php\/wp-json\/wp\/v2\/pages\/3537\/revisions\/5876"}],"wp:featuredmedia":[{"embeddable":true,"href":"https:\/\/sentimientolatino.com\/index.php\/wp-json\/wp\/v2\/media\/4844"}],"wp:attachment":[{"href":"https:\/\/sentimientolatino.com\/index.php\/wp-json\/wp\/v2\/media?parent=3537"}],"curies":[{"name":"wp","href":"https:\/\/api.w.org\/{rel}","templated":true}]}}